{"id":2929,"date":"2025-08-25T14:02:01","date_gmt":"2025-08-25T14:02:01","guid":{"rendered":"https:\/\/conexnorte.com.br\/?page_id=2929"},"modified":"2026-02-12T00:04:38","modified_gmt":"2026-02-12T00:04:38","slug":"blog","status":"publish","type":"page","link":"https:\/\/conexnorte.com.br\/?page_id=2929","title":{"rendered":"BLOG"},"content":{"rendered":"<style>.elementor-2929 .elementor-element.elementor-element-e3a01bb{--display:flex;--flex-direction:column;--container-widget-width:100%;--container-widget-height:initial;--container-widget-flex-grow:0;--container-widget-align-self:initial;--flex-wrap-mobile:wrap;}.elementor-2929 .elementor-element.elementor-element-d15f7a5 .elementor-repeater-item-7cb0d5f .swiper-slide-bg{background-color:#833ca3;background-image:url(https:\/\/conexnorte.com.br\/wp-content\/uploads\/2025\/08\/Design-sem-nome.jpg);background-size:cover;}.elementor-2929 .elementor-element.elementor-element-d15f7a5 .elementor-repeater-item-3138533 .swiper-slide-bg{background-color:#4054b2;background-image:url(https:\/\/conexnorte.com.br\/wp-content\/uploads\/2025\/08\/Help-Me-Improve-My-English-and-Ill-Help-You-With-Portuguese-Language-Swap-Lets-Learn-Together-You-Fix-My-English-I-Fix-Your-Portuguese-3.png);background-size:cover;}.elementor-2929 .elementor-element.elementor-element-d15f7a5 .elementor-repeater-item-4099261 .swiper-slide-bg{background-color:#1abc9c;background-image:url(https:\/\/conexnorte.com.br\/wp-content\/uploads\/2025\/07\/Design-sem-nome.png);background-size:cover;}.elementor-2929 .elementor-element.elementor-element-d15f7a5 .swiper-slide{height:400px;transition-duration:calc(5000ms*1.2);}.elementor-2929 .elementor-element.elementor-element-d15f7a5 .swiper-slide-contents{max-width:66%;}.elementor-2929 .elementor-element.elementor-element-d15f7a5 .swiper-slide-inner{text-align:center;}.elementor-2929 .elementor-element.elementor-element-d15f7a5.eael_liquid_glass_shadow-effect2{border-style:groove;border-width:1px 1px 1px 1px;border-color:#FFFFFF1F;border-radius:16px 16px 16px 16px;box-shadow:0px 0px 33px -2px #383C65;}.elementor-2929 .elementor-element.elementor-element-d15f7a5.rtm-tooltip-enabled::after{text-align:center;}.elementor-2929 .elementor-element.elementor-element-8652b65{--display:flex;--flex-direction:column;--container-widget-width:100%;--container-widget-height:initial;--container-widget-flex-grow:0;--container-widget-align-self:initial;--flex-wrap-mobile:wrap;}.elementor-2929 .elementor-element.elementor-element-4aac66d .rkit-post-block{gap:30px;}.elementor-2929 .elementor-element.elementor-element-4aac66d .rkit-post-block-card{flex-direction:row;background-color:#F7F7F7;}.elementor-2929 .elementor-element.elementor-element-4aac66d .rkit-image-link{aspect-ratio:16\/9;}.elementor-2929 .elementor-element.elementor-element-4aac66d .rkit-post-block-body{padding:30px 30px 30px 30px;}.elementor-2929 .elementor-element.elementor-element-4aac66d .rkit-metadata{justify-content:center;flex-direction:row;}.elementor-2929 .elementor-element.elementor-element-4aac66d .rkit-meta-icon{margin:0px 5px 0px 0px;}.elementor-2929 .elementor-element.elementor-element-4aac66d .rkit-metadata-item{margin:0px 5px 0px 5px;}.elementor-2929 .elementor-element.elementor-element-4aac66d .rkit-post-block-title-container{text-align:center;}.elementor-2929 .elementor-element.elementor-element-4aac66d .rkit-post-block-title{font-size:43px;}.elementor-2929 .elementor-element.elementor-element-4aac66d .rkit-post-block-paragraph{text-align:center;}.elementor-2929 .elementor-element.elementor-element-4aac66d .rkit-readmore-div{justify-content:center;}.elementor-2929 .elementor-element.elementor-element-4aac66d .rkit-readmore-btn{background-color:var( --e-global-color-secondary );}.elementor-2929 .elementor-element.elementor-element-4aac66d .rkit-floating-category{top:0px;left:0px;margin:1em 0em 0em 1em;}.elementor-2929 .elementor-element.elementor-element-4aac66d .rkit-floating-category-btn{background-color:var( --e-global-color-secondary );}.elementor-2929 .elementor-element.elementor-element-77a9d77{--display:flex;--flex-direction:column;--container-widget-width:100%;--container-widget-height:initial;--container-widget-flex-grow:0;--container-widget-align-self:initial;--flex-wrap-mobile:wrap;}@media(max-width:1024px){.elementor-2929 .elementor-element.elementor-element-4aac66d .rkit-image-link{aspect-ratio:1\/1;}.elementor-2929 .elementor-element.elementor-element-4aac66d .rkit-post-block-body{padding:30px 30px 30px 30px;}}@media(max-width:767px){.elementor-2929 .elementor-element.elementor-element-4aac66d .rkit-image-link{aspect-ratio:1\/1;}.elementor-2929 .elementor-element.elementor-element-4aac66d .rkit-post-block-body{padding:20px 20px 20px 20px;}}<\/style>\t\t<div data-elementor-type=\"wp-page\" data-elementor-id=\"2929\" class=\"elementor elementor-2929\" data-elementor-settings=\"{&quot;ha_cmc_init_switcher&quot;:&quot;no&quot;}\" data-elementor-post-type=\"page\">\n\t\t\t\t<div data-particle_enable=\"false\" data-particle-mobile-disabled=\"false\" class=\"elementor-element elementor-element-e3a01bb e-flex e-con-boxed wpr-particle-no wpr-jarallax-no wpr-parallax-no wpr-sticky-section-no wpr-equal-height-no e-con e-parent\" data-id=\"e3a01bb\" data-element_type=\"container\" data-e-type=\"container\" data-settings=\"{&quot;_ha_eqh_enable&quot;:false}\">\n\t\t\t\t\t<div class=\"e-con-inner\">\n\t\t\t\t<div class=\"elementor-element elementor-element-d15f7a5 rtm-tooltip-enabled eael_liquid_glass-effect6 eael_liquid_glass_shadow-effect2 elementor--h-position-center elementor--v-position-middle elementor-arrows-position-inside elementor-pagination-position-inside elementor-widget elementor-widget-slides\" data-id=\"d15f7a5\" data-element_type=\"widget\" data-e-type=\"widget\" data-settings=\"{&quot;navigation&quot;:&quot;both&quot;,&quot;autoplay&quot;:&quot;yes&quot;,&quot;pause_on_hover&quot;:&quot;yes&quot;,&quot;pause_on_interaction&quot;:&quot;yes&quot;,&quot;autoplay_speed&quot;:5000,&quot;infinite&quot;:&quot;yes&quot;,&quot;transition&quot;:&quot;slide&quot;,&quot;transition_speed&quot;:500}\" data-widget_type=\"slides.default\">\n\t\t\t\t<div class=\"elementor-widget-container\">\n\t\t\t\t\t\t\t\t\t<div class=\"elementor-swiper\">\n\t\t\t\t\t<div class=\"elementor-slides-wrapper elementor-main-swiper swiper\" role=\"region\" aria-roledescription=\"carousel\" aria-label=\"Slides\" dir=\"ltr\" data-animation=\"fadeInUp\">\n\t\t\t\t<div class=\"swiper-wrapper elementor-slides\">\n\t\t\t\t\t\t\t\t\t\t<div class=\"elementor-repeater-item-7cb0d5f swiper-slide\" role=\"group\" aria-roledescription=\"slide\"><div class=\"swiper-slide-bg\" role=\"img\"><\/div><div class=\"swiper-slide-inner\" ><div class=\"swiper-slide-contents\"><div class=\"elementor-slide-heading\">Capacidade Computacional<\/div><div class=\"elementor-slide-description\">Capacidade Computacional <\/div><div  class=\"elementor-button elementor-slide-button elementor-size-sm\">Clique aqui<\/div><\/div><\/div><\/div><div class=\"elementor-repeater-item-3138533 swiper-slide\" role=\"group\" aria-roledescription=\"slide\"><div class=\"swiper-slide-bg\" role=\"img\"><\/div><div class=\"swiper-slide-inner\" ><div class=\"swiper-slide-contents\"><div class=\"elementor-slide-heading\">Desenvolvimento de Sotwares<\/div><div class=\"elementor-slide-description\">Lorem ipsum dolor sit amet consectetur adipiscing elit dolor<\/div><div  class=\"elementor-button elementor-slide-button elementor-size-sm\">Clique aqui<\/div><\/div><\/div><\/div><div class=\"elementor-repeater-item-4099261 swiper-slide\" role=\"group\" aria-roledescription=\"slide\"><div class=\"swiper-slide-bg\" role=\"img\"><\/div><div class=\"swiper-slide-inner\" ><div class=\"swiper-slide-contents\"><div class=\"elementor-slide-heading\">Dados o Petr\u00f3leo <\/div><div class=\"elementor-slide-description\">Lorem ipsum dolor sit amet consectetur adipiscing elit dolor<\/div><div  class=\"elementor-button elementor-slide-button elementor-size-sm\">Clique aqui<\/div><\/div><\/div><\/div>\t\t\t\t<\/div>\n\t\t\t\t\t\t\t\t\t\t\t\t\t\t\t<div class=\"elementor-swiper-button elementor-swiper-button-prev\" role=\"button\" tabindex=\"0\" aria-label=\"Slide anterior\">\n\t\t\t\t\t\t\t<svg aria-hidden=\"true\" class=\"e-font-icon-svg e-eicon-chevron-left\" viewBox=\"0 0 1000 1000\" xmlns=\"http:\/\/www.w3.org\/2000\/svg\"><path d=\"M646 125C629 125 613 133 604 142L308 442C296 454 292 471 292 487 292 504 296 521 308 533L604 854C617 867 629 875 646 875 663 875 679 871 692 858 704 846 713 829 713 812 713 796 708 779 692 767L438 487 692 225C700 217 708 204 708 187 708 171 704 154 692 142 675 129 663 125 646 125Z\"><\/path><\/svg>\t\t\t\t\t\t<\/div>\n\t\t\t\t\t\t<div class=\"elementor-swiper-button elementor-swiper-button-next\" role=\"button\" tabindex=\"0\" aria-label=\"Pr\u00f3ximo slide\">\n\t\t\t\t\t\t\t<svg aria-hidden=\"true\" class=\"e-font-icon-svg e-eicon-chevron-right\" viewBox=\"0 0 1000 1000\" xmlns=\"http:\/\/www.w3.org\/2000\/svg\"><path d=\"M696 533C708 521 713 504 713 487 713 471 708 454 696 446L400 146C388 133 375 125 354 125 338 125 325 129 313 142 300 154 292 171 292 187 292 204 296 221 308 233L563 492 304 771C292 783 288 800 288 817 288 833 296 850 308 863 321 871 338 875 354 875 371 875 388 867 400 854L696 533Z\"><\/path><\/svg>\t\t\t\t\t\t<\/div>\n\t\t\t\t\t\t\t\t\t\t\t\t\t\t\t\t<div class=\"swiper-pagination\"><\/div>\n\t\t\t\t\t\t\t\t\t\t\t\t<\/div>\n\t\t\t\t<\/div>\n\t\t\t\t\t\t\t\t<\/div>\n\t\t\t\t<\/div>\n\t\t\t\t\t<\/div>\n\t\t\t\t<\/div>\n\t\t<div data-particle_enable=\"false\" data-particle-mobile-disabled=\"false\" class=\"elementor-element elementor-element-8652b65 e-flex e-con-boxed wpr-particle-no wpr-jarallax-no wpr-parallax-no wpr-sticky-section-no wpr-equal-height-no e-con e-parent\" data-id=\"8652b65\" data-element_type=\"container\" data-e-type=\"container\" data-settings=\"{&quot;_ha_eqh_enable&quot;:false}\">\n\t\t\t\t\t<div class=\"e-con-inner\">\n\t\t\t\t<div class=\"elementor-element elementor-element-4aac66d elementor-widget elementor-widget-rkit-pos-block\" data-id=\"4aac66d\" data-element_type=\"widget\" data-e-type=\"widget\" data-widget_type=\"rkit-pos-block.default\">\n\t\t\t\t<div class=\"elementor-widget-container\">\n\t\t\t\t\t        <div class=\"rkit-post-block\">\n                            <div class=\"rkit-post-block-card  elementor-animation-\">\n                                            <div class=\"rkit-image-container\">\n                                                            <div class=\"rkit-floating-category\">\n                                                                            <div class=\"rkit-floating-category-div\">\n                                            <a class=\"rkit-floating-category-btn\" type=\"button\" href=\"https:\/\/conexnorte.com.br\/?cat=29\">Programa\u00e7\u00e3o<\/a>\n                                        <\/div>\n                                                                    <\/div>\n                                                        <a class=\"rkit-image-link\" style=\"overflow: hidden;\" href=\"https:\/\/conexnorte.com.br\/?p=2992\">\n                                <img fetchpriority=\"high\" decoding=\"async\" width=\"800\" height=\"800\" src=\"https:\/\/conexnorte.com.br\/wp-content\/uploads\/2025\/09\/faca-uma-imagem-onde-1-1.png\" class=\"rkit-post-block-img wp-post-image\" alt=\"\" srcset=\"https:\/\/conexnorte.com.br\/wp-content\/uploads\/2025\/09\/faca-uma-imagem-onde-1-1.png 1024w, https:\/\/conexnorte.com.br\/wp-content\/uploads\/2025\/09\/faca-uma-imagem-onde-1-1-300x300.png 300w, https:\/\/conexnorte.com.br\/wp-content\/uploads\/2025\/09\/faca-uma-imagem-onde-1-1-150x150.png 150w, https:\/\/conexnorte.com.br\/wp-content\/uploads\/2025\/09\/faca-uma-imagem-onde-1-1-768x768.png 768w\" sizes=\"(max-width: 800px) 100vw, 800px\" \/>                            <\/a>\n                                                    <\/div>\n                                        <div class=\"rkit-post-block-body \">\n                                                                            <div class=\"rkit-post-block-title-container\">\n                                <a class=\"rkit-post-block-title\" href=\"https:\/\/conexnorte.com.br\/?p=2992\">O que \u00e9 C++ e sua Import\u00e2ncia na Intelig\u00eancia Artificial<\/a>\n                            <\/div>\n                                                                                                    <div class=\"rkit-post-block-content\">\n                                <p class=\"rkit-post-block-paragraph\">Introdu\u00e7\u00e3o ao C++ A linguagem de programa\u00e7\u00e3o C++ foi criada na d\u00e9cada de 1980 por Bjarne Stroustrup, como uma evolu\u00e7\u00e3o da linguagem C, que j\u00e1&hellip;                                <\/p>\n                            <\/div>\n                                                                                                    <div class=\"rkit-readmore-div\">\n                                <a class=\"rkit-readmore-btn\" type=\"button\" href=\"https:\/\/conexnorte.com.br\/?p=2992\">\n                                                                        Ler Mais                                                                    <\/a>\n                            <\/div>\n                                            <\/div>\n                <\/div>\n                <div class=\"rkit-post-block-card  elementor-animation-\">\n                                            <div class=\"rkit-image-container\">\n                                                            <div class=\"rkit-floating-category\">\n                                                                            <div class=\"rkit-floating-category-div\">\n                                            <a class=\"rkit-floating-category-btn\" type=\"button\" href=\"https:\/\/conexnorte.com.br\/?cat=11\">Capacidade Computacional<\/a>\n                                        <\/div>\n                                                                    <\/div>\n                                                        <a class=\"rkit-image-link\" style=\"overflow: hidden;\" href=\"https:\/\/conexnorte.com.br\/?p=2801\">\n                                <img decoding=\"async\" width=\"800\" height=\"450\" src=\"https:\/\/conexnorte.com.br\/wp-content\/uploads\/2025\/08\/SISTEMA-1024x576.png\" class=\"rkit-post-block-img wp-post-image\" alt=\"\" srcset=\"https:\/\/conexnorte.com.br\/wp-content\/uploads\/2025\/08\/SISTEMA-1024x576.png 1024w, https:\/\/conexnorte.com.br\/wp-content\/uploads\/2025\/08\/SISTEMA-300x169.png 300w, https:\/\/conexnorte.com.br\/wp-content\/uploads\/2025\/08\/SISTEMA-768x432.png 768w, https:\/\/conexnorte.com.br\/wp-content\/uploads\/2025\/08\/SISTEMA-1536x864.png 1536w, https:\/\/conexnorte.com.br\/wp-content\/uploads\/2025\/08\/SISTEMA.png 1920w\" sizes=\"(max-width: 800px) 100vw, 800px\" \/>                            <\/a>\n                                                    <\/div>\n                                        <div class=\"rkit-post-block-body \">\n                                                                            <div class=\"rkit-post-block-title-container\">\n                                <a class=\"rkit-post-block-title\" href=\"https:\/\/conexnorte.com.br\/?p=2801\">Como as Estruturas de Intelig\u00eancia Artificial Podem Reduzir o Consumo de Energia em Data Centers<\/a>\n                            <\/div>\n                                                                                                    <div class=\"rkit-post-block-content\">\n                                <p class=\"rkit-post-block-paragraph\">Introdu\u00e7\u00e3o \u00e0 Efici\u00eancia Energ\u00e9tica em Data Centers Nos \u00faltimos anos, a demanda por energia em data centers aumentou exponencialmente, impulsionada principalmente pelo crescimento do uso&hellip;                                <\/p>\n                            <\/div>\n                                                                                                    <div class=\"rkit-readmore-div\">\n                                <a class=\"rkit-readmore-btn\" type=\"button\" href=\"https:\/\/conexnorte.com.br\/?p=2801\">\n                                                                        Ler Mais                                                                    <\/a>\n                            <\/div>\n                                            <\/div>\n                <\/div>\n                <div class=\"rkit-post-block-card  elementor-animation-\">\n                                            <div class=\"rkit-image-container\">\n                                                            <div class=\"rkit-floating-category\">\n                                                                            <div class=\"rkit-floating-category-div\">\n                                            <a class=\"rkit-floating-category-btn\" type=\"button\" href=\"https:\/\/conexnorte.com.br\/?cat=20\">Desenvolvimento de Software<\/a>\n                                        <\/div>\n                                                                    <\/div>\n                                                        <a class=\"rkit-image-link\" style=\"overflow: hidden;\" href=\"https:\/\/conexnorte.com.br\/?p=2756\">\n                                <img decoding=\"async\" width=\"800\" height=\"450\" src=\"https:\/\/conexnorte.com.br\/wp-content\/uploads\/2025\/08\/Help-Me-Improve-My-English-and-Ill-Help-You-With-Portuguese-Language-Swap-Lets-Learn-Together-You-Fix-My-English-I-Fix-Your-Portuguese-3-1024x576.png\" class=\"rkit-post-block-img wp-post-image\" alt=\"\" srcset=\"https:\/\/conexnorte.com.br\/wp-content\/uploads\/2025\/08\/Help-Me-Improve-My-English-and-Ill-Help-You-With-Portuguese-Language-Swap-Lets-Learn-Together-You-Fix-My-English-I-Fix-Your-Portuguese-3-1024x576.png 1024w, https:\/\/conexnorte.com.br\/wp-content\/uploads\/2025\/08\/Help-Me-Improve-My-English-and-Ill-Help-You-With-Portuguese-Language-Swap-Lets-Learn-Together-You-Fix-My-English-I-Fix-Your-Portuguese-3-300x169.png 300w, https:\/\/conexnorte.com.br\/wp-content\/uploads\/2025\/08\/Help-Me-Improve-My-English-and-Ill-Help-You-With-Portuguese-Language-Swap-Lets-Learn-Together-You-Fix-My-English-I-Fix-Your-Portuguese-3-768x432.png 768w, https:\/\/conexnorte.com.br\/wp-content\/uploads\/2025\/08\/Help-Me-Improve-My-English-and-Ill-Help-You-With-Portuguese-Language-Swap-Lets-Learn-Together-You-Fix-My-English-I-Fix-Your-Portuguese-3.png 1280w\" sizes=\"(max-width: 800px) 100vw, 800px\" \/>                            <\/a>\n                                                    <\/div>\n                                        <div class=\"rkit-post-block-body \">\n                                                                            <div class=\"rkit-post-block-title-container\">\n                                <a class=\"rkit-post-block-title\" href=\"https:\/\/conexnorte.com.br\/?p=2756\">Qualidades-Chave de um Programador de Excel\u00eancia<\/a>\n                            <\/div>\n                                                                                                    <div class=\"rkit-post-block-content\">\n                                <p class=\"rkit-post-block-paragraph\">Introdu\u00e7\u00e3o \u00e0s Qualidades de um Programador Ser um programador de excel\u00eancia vai muito al\u00e9m do simples dom\u00ednio de linguagens de programa\u00e7\u00e3o e ferramentas t\u00e9cnicas. Embora&hellip;                                <\/p>\n                            <\/div>\n                                                                                                    <div class=\"rkit-readmore-div\">\n                                <a class=\"rkit-readmore-btn\" type=\"button\" href=\"https:\/\/conexnorte.com.br\/?p=2756\">\n                                                                        Ler Mais                                                                    <\/a>\n                            <\/div>\n                                            <\/div>\n                <\/div>\n        <\/div>\n        \t\t\t\t<\/div>\n\t\t\t\t<\/div>\n\t\t\t\t\t<\/div>\n\t\t\t\t<\/div>\n\t\t<div data-particle_enable=\"false\" data-particle-mobile-disabled=\"false\" class=\"elementor-element elementor-element-77a9d77 e-flex e-con-boxed wpr-particle-no wpr-jarallax-no wpr-parallax-no wpr-sticky-section-no wpr-equal-height-no e-con e-parent\" data-id=\"77a9d77\" data-element_type=\"container\" data-e-type=\"container\" data-settings=\"{&quot;_ha_eqh_enable&quot;:false}\">\n\t\t\t\t\t<div class=\"e-con-inner\">\n\t\t\t\t\t<\/div>\n\t\t\t\t<\/div>\n\t\t\t\t<\/div>\n\t\t","protected":false},"excerpt":{"rendered":"<p>Capacidade ComputacionalCapacidade Computacional Clique aquiDesenvolvimento de SotwaresLorem ipsum dolor sit amet consectetur adipiscing elit dolorClique aquiDados o Petr\u00f3leo Lorem ipsum dolor sit amet consectetur adipiscing elit dolorClique aqui Programa\u00e7\u00e3o O que \u00e9 C++ e sua Import\u00e2ncia na Intelig\u00eancia Artificial Introdu\u00e7\u00e3o ao C++ A linguagem de programa\u00e7\u00e3o C++ foi criada na d\u00e9cada de 1980 por Bjarne Stroustrup, como uma evolu\u00e7\u00e3o da linguagem C, que j\u00e1&hellip; Ler Mais Capacidade Computacional Como as Estruturas de Intelig\u00eancia Artificial Podem Reduzir o Consumo de Energia em Data Centers Introdu\u00e7\u00e3o \u00e0 Efici\u00eancia Energ\u00e9tica em Data Centers Nos \u00faltimos anos, a demanda por energia em data centers aumentou exponencialmente, impulsionada principalmente pelo crescimento do uso&hellip; Ler Mais Desenvolvimento de Software Qualidades-Chave de um Programador de Excel\u00eancia Introdu\u00e7\u00e3o \u00e0s Qualidades de um Programador Ser um programador de excel\u00eancia vai muito al\u00e9m do simples dom\u00ednio de linguagens de programa\u00e7\u00e3o e ferramentas t\u00e9cnicas. Embora&hellip; Ler Mais<\/p>\n","protected":false},"author":1,"featured_media":0,"parent":0,"menu_order":0,"comment_status":"closed","ping_status":"closed","template":"elementor_header_footer","meta":{"footnotes":""},"class_list":["post-2929","page","type-page","status-publish","hentry"],"_links":{"self":[{"href":"https:\/\/conexnorte.com.br\/index.php?rest_route=\/wp\/v2\/pages\/2929","targetHints":{"allow":["GET"]}}],"collection":[{"href":"https:\/\/conexnorte.com.br\/index.php?rest_route=\/wp\/v2\/pages"}],"about":[{"href":"https:\/\/conexnorte.com.br\/index.php?rest_route=\/wp\/v2\/types\/page"}],"author":[{"embeddable":true,"href":"https:\/\/conexnorte.com.br\/index.php?rest_route=\/wp\/v2\/users\/1"}],"replies":[{"embeddable":true,"href":"https:\/\/conexnorte.com.br\/index.php?rest_route=%2Fwp%2Fv2%2Fcomments&post=2929"}],"version-history":[{"count":70,"href":"https:\/\/conexnorte.com.br\/index.php?rest_route=\/wp\/v2\/pages\/2929\/revisions"}],"predecessor-version":[{"id":3112,"href":"https:\/\/conexnorte.com.br\/index.php?rest_route=\/wp\/v2\/pages\/2929\/revisions\/3112"}],"wp:attachment":[{"href":"https:\/\/conexnorte.com.br\/index.php?rest_route=%2Fwp%2Fv2%2Fmedia&parent=2929"}],"curies":[{"name":"wp","href":"https:\/\/api.w.org\/{rel}","templated":true}]}}